{"id":63,"date":"2023-03-03T01:21:35","date_gmt":"2023-03-03T01:21:35","guid":{"rendered":"https:\/\/teste.charibimobiliaria.com\/terms-conditions\/"},"modified":"2023-11-01T13:44:09","modified_gmt":"2023-11-01T13:44:09","slug":"termos-condicoes","status":"publish","type":"page","link":"https:\/\/teste.charibimobiliaria.com\/?page_id=63","title":{"rendered":"Termos &#038; condi\u00e7\u00f5es"},"content":{"rendered":"\n<div style=\"height:70px\" aria-hidden=\"true\" class=\"wp-block-spacer\"><\/div>\n\n\n\n<h2 class=\"wp-block-heading\">Acordo entre o utilizador e a nossa empresa<\/h2>\n\n\n\n<p>O site da nossa empresa tem um endere\u00e7o composto por um conjunto de p\u00e1ginas.<\/p>\n\n\n\n<p>O site \u00e9 apresentado na condi\u00e7\u00e3o do utilizador aceitar em n\u00e3o modificar os termos e as condi\u00e7\u00f5es contidas no presente documento, ou seja, para utilizar este site, o utilizador aceita os presentes termos de uso apresentados.<\/p>\n\n\n\n<div style=\"height:70px\" aria-hidden=\"true\" class=\"wp-block-spacer\"><\/div>\n\n\n\n<h2 class=\"wp-block-heading\">Modifica\u00e7\u00e3o dos Termos de Uso<\/h2>\n\n\n\n<p>A nossa empresa reserva-se no direito de modificar os termos nas quais o site \u00e9 apresentado a qualquer momento. \u00c9 aconselhado ao utilizador que visite regularmente o regulamento da presente p\u00e1gina, por forma a ficar atualizado dos Termos de Uso do site da empresa.<\/p>\n\n\n\n<div style=\"height:70px\" aria-hidden=\"true\" class=\"wp-block-spacer\"><\/div>\n\n\n\n<h2 class=\"wp-block-heading\">Redirecionamento para outros sites<\/h2>\n\n\n\n<p>O site da nossa empresa pode conter o direcionamento (liga\u00e7\u00f5es) para sites externos. Os sites direcionados n\u00e3o est\u00e3o sob o controlo da empresa nem nos responsabilizamos pelo conte\u00fado de qualquer site direcionado, inclusive para qualquer limite de algum direcionamento contido num site direcionado, ou troca ou atualiza\u00e7\u00f5es de algum site direcionado. O site da empresa oferece-lhe esses direcionamentos apenas como uma conveni\u00eancia e a inclus\u00e3o n\u00e3o transfere pela empresa a aceita\u00e7\u00e3o do site visitado ou qualquer associa\u00e7\u00e3o com os seus operadores.<\/p>\n\n\n\n<div style=\"height:70px\" aria-hidden=\"true\" class=\"wp-block-spacer\"><\/div>\n\n\n\n<h2 class=\"wp-block-heading\">Uso ilegal ou proibido<\/h2>\n\n\n\n<p>Ao utilizar o site da nossa empresa o utilizador garante que n\u00e3o utilizar\u00e1 o mesmo para finalidade ilegal ou proibida. N\u00e3o poder\u00e1 usar o site de forma a danificar, sobrecarregar ou incapacitar o site, ou interferir no uso de alguma outra parte ou funcionamento. N\u00e3o poder\u00e1 obter ou tentar obter qualquer informa\u00e7\u00e3o ou conte\u00fado intencionalmente n\u00e3o disponibilizado ou publicado no site.<\/p>\n\n\n\n<div style=\"height:70px\" aria-hidden=\"true\" class=\"wp-block-spacer\"><\/div>\n\n\n\n<h2 class=\"wp-block-heading\">Ren\u00fancia de responsabilidade<\/h2>\n\n\n\n<p>A informa\u00e7\u00e3o, software, produtos e servi\u00e7os inclu\u00eddos no site ou disponibilizados atrav\u00e9s no nosso site podem incluir imprecis\u00f5es ou erros tipogr\u00e1ficos sendo que s\u00e3o efetuadas altera\u00e7\u00f5es periodicamente. O site e\/ou fornecedores podem efetuar melhorias ou mudan\u00e7as no site a qualquer momento.<\/p>\n\n\n\n<p>A nossa empresa e\/ou fornecedores n\u00e3o se responsabilizam pela fiabilidade, disponibilidade e precis\u00e3o das informa\u00e7\u00f5es, dos programas, produtos, servi\u00e7os, imagens e gr\u00e1ficos contidos no site nem pelo uso indevido das informa\u00e7\u00f5es, programas, produtos, servi\u00e7os, imagens e gr\u00e1ficos, os quais s\u00e3o fornecidos de forma original sem nenhuma garantia ou condi\u00e7\u00e3o de qualquer esp\u00e9cie.<\/p>\n\n\n\n<p>O site da nossa empresa e\/ou fornecedores por meio deste, renunciam todas as garantias e condi\u00e7\u00f5es no que diz respeito a essas informa\u00e7\u00f5es, programas, produtos, servi\u00e7os, imagens e gr\u00e1ficos, incluindo todas as garantias e condi\u00e7\u00f5es afetas na comercializa\u00e7\u00e3o e no uso em aplica\u00e7\u00e3o espec\u00edfica.<\/p>\n\n\n\n<div style=\"height:70px\" aria-hidden=\"true\" class=\"wp-block-spacer\"><\/div>\n\n\n\n<h2 class=\"wp-block-heading\">Cancelamento\/restri\u00e7\u00e3o de acesso<\/h2>\n\n\n\n<p>A empresa reserva-se no direito de terminar o acesso do utilizador ao site e os servi\u00e7os relacionados ou parte deles a qualquer momento, sem qualquer aviso ou observa\u00e7\u00e3o. O ato do \u201cUso ilegal\u201d do site neste acordo \u00e9 regido pela lei portuguesa em todas as alterca\u00e7\u00f5es que aconte\u00e7am relacionadas ao uso do site. O uso do site \u00e9 desautorizado em qualquer jurisdi\u00e7\u00e3o onde este acordo n\u00e3o tenha efeito a todas as partes deste acordo e condi\u00e7\u00f5es, incluindo este par\u00e1grafo.<\/p>\n\n\n\n<p>O utilizador concorda que nenhuma associa\u00e7\u00e3o, parceria, emprego, ou rela\u00e7\u00e3o existe entre o utilizador e o site e em consequ\u00eancia deste acordo ou uso do site. A atua\u00e7\u00e3o da empresa neste acordo est\u00e1 sujeita \u00e0s leis existentes e ao processo legal, e nada contido neste acordo revoga os direitos do site em cumprir com pedidos ou exig\u00eancias do governo ou de lei, para o uso do site da nossa empresa.<\/p>\n\n\n\n<p>Se qualquer parte deste acordo for determinada inv\u00e1lida, imprevis\u00edvel ou em desacordo com a lei, ent\u00e3o a parte julgada inv\u00e1lida, ser\u00e1 substitu\u00edda por uma parte v\u00e1lida, adequada e que combine o mais pr\u00f3ximo poss\u00edvel da inten\u00e7\u00e3o original, e o restante do acordo mant\u00eam-se. Este acordo constitui o acordo inteiro entre o utilizador e a empresa com respeito ao site da nossa empresa e substitui todas as comunica\u00e7\u00f5es e propostas pr\u00e9vias, eletr\u00f3nicas, orais ou escritas, entre o utilizador e a empresa com respeito ao presente site. Uma vers\u00e3o impressa deste acordo e de toda a informa\u00e7\u00e3o contida no formul\u00e1rio eletr\u00f3nico poder\u00e1 ser requisitada nos procedimentos judiciais e administrativos referentes a este acordo.<\/p>\n\n\n\n<div style=\"height:70px\" aria-hidden=\"true\" class=\"wp-block-spacer\"><\/div>\n\n\n\n<h2 class=\"wp-block-heading\">Observa\u00e7\u00f5es de direitos de autor e da marca registada<\/h2>\n\n\n\n<p>Todo o conte\u00fado presente no site, textos, imagens, gr\u00e1ficos, sons, v\u00eddeos, anima\u00e7\u00e3o, downloads, assim como a forma como s\u00e3o apresentados, a estrutura do site e a disposi\u00e7\u00e3o dos elementos, s\u00e3o todos eles, sem exce\u00e7\u00e3o, sujeitos aos direitos de autor da nossa marca, sempre que n\u00e3o seja dada indica\u00e7\u00e3o em contr\u00e1rio.<\/p>\n\n\n\n<p>N\u00e3o \u00e9 concedido nenhum tipo de licen\u00e7a ou direito de propriedade sobre a informa\u00e7\u00e3o presente no site, pelo que, n\u00e3o poder\u00e1 efetuar reprodu\u00e7\u00e3o do conte\u00fado do site. Nenhum conte\u00fado presente no site pode ser copiado, distribu\u00eddo, modificado ou colocado noutro site, sem o pr\u00e9vio consentimento, por escrito, da marca.<\/p>\n\n\n\n<div style=\"height:70px\" aria-hidden=\"true\" class=\"wp-block-spacer\"><\/div>\n\n\n\n<h2 class=\"wp-block-heading\">Marcas registadas<\/h2>\n\n\n\n<p>Todos os servi\u00e7os e marcas da empresa em quest\u00e3o, encontram-se registados.<\/p>\n\n\n\n<div style=\"height:70px\" aria-hidden=\"true\" class=\"wp-block-spacer\"><\/div>\n\n\n\n<h2 class=\"wp-block-heading\">Lei aplic\u00e1vel<\/h2>\n\n\n\n<p>A presente p\u00e1gina e os Termos de Uso contidos foram criados de acordo com a legisla\u00e7\u00e3o Portuguesa. Em caso de diverg\u00eancia ou conflito na interpreta\u00e7\u00e3o da informa\u00e7\u00e3o ser\u00e1 submetido ao tribunal portugu\u00eas competente para an\u00e1lise.<\/p>\n\n\n\n<div style=\"height:100px\" aria-hidden=\"true\" class=\"wp-block-spacer\"><\/div>\n","protected":false},"excerpt":{"rendered":"<p>Acordo entre o utilizador e a nossa empresa O site da nossa empresa tem um endere\u00e7o composto por um conjunto de p\u00e1ginas. O site \u00e9 apresentado na condi\u00e7\u00e3o do utilizador aceitar em n\u00e3o modificar os termos e as condi\u00e7\u00f5es contidas no presente documento, ou seja, para utilizar este site, o utilizador aceita os presentes termos [&hellip;]<\/p>\n","protected":false},"author":1,"featured_media":0,"parent":0,"menu_order":0,"comment_status":"closed","ping_status":"closed","template":"","meta":{"_acf_changed":false,"footnotes":""},"class_list":["post-63","page","type-page","status-publish","hentry"],"acf":[],"_links":{"self":[{"href":"https:\/\/teste.charibimobiliaria.com\/index.php?rest_route=\/wp\/v2\/pages\/63","targetHints":{"allow":["GET"]}}],"collection":[{"href":"https:\/\/teste.charibimobiliaria.com\/index.php?rest_route=\/wp\/v2\/pages"}],"about":[{"href":"https:\/\/teste.charibimobiliaria.com\/index.php?rest_route=\/wp\/v2\/types\/page"}],"author":[{"embeddable":true,"href":"https:\/\/teste.charibimobiliaria.com\/index.php?rest_route=\/wp\/v2\/users\/1"}],"replies":[{"embeddable":true,"href":"https:\/\/teste.charibimobiliaria.com\/index.php?rest_route=%2Fwp%2Fv2%2Fcomments&post=63"}],"version-history":[{"count":0,"href":"https:\/\/teste.charibimobiliaria.com\/index.php?rest_route=\/wp\/v2\/pages\/63\/revisions"}],"wp:attachment":[{"href":"https:\/\/teste.charibimobiliaria.com\/index.php?rest_route=%2Fwp%2Fv2%2Fmedia&parent=63"}],"curies":[{"name":"wp","href":"https:\/\/api.w.org\/{rel}","templated":true}]}}