{"id":289,"date":"2023-03-09T01:33:31","date_gmt":"2023-03-09T01:33:31","guid":{"rendered":"https:\/\/teste.charibimobiliaria.com\/?page_id=289"},"modified":"2023-03-25T22:33:24","modified_gmt":"2023-03-25T22:33:24","slug":"consultores-imobiliarios","status":"publish","type":"page","link":"https:\/\/teste.charibimobiliaria.com\/?page_id=289","title":{"rendered":"Consultores imobili\u00e1rios"},"content":{"rendered":"    <div data-search-form-selector='.js-es-search:not(.es-search--ignore-ajax)'>\n\n<div class=\"es-agents js-es-agents-wrap js-es-entities-wrap\">\n            \n<div class=\"es-entities__search\">\n    <div class=\"es-search js-es-search es-search--agent js-es-search--agent\" id=\"es-search--69e9edb67a5f2\">\n        <form action=\"https:\/\/teste.charibimobiliaria.com\/?page_id=17\" method=\"get\">\n            <input type=\"hidden\" name=\"es\" value=\"1\"\/>\n\n\t        \t\t                            <input type=\"hidden\" name=\"page_id\" value=\"17\"\/>\n\t\t        \t        \n                            <div class=\"es-search__fields-wrap\">\n                    \n                               <div class='js-es-field es-field es-field__type es-field--select  js-search-field-container'>\n                                   <label for='type-69e9edb67a651'>\n\t\t\t<select id=\"type-69e9edb67a651\" name=\"type\" class=\"js-es-search-field js-es-search-field--type es-field__input\" data-single_unit=\"\" data-plural_unit=\"\" data-placeholder=\"Escolha valor\" search-placeholder=\"\" data-base-name=\"type\" data-value=\"agent\" ><option><\/option><option value=\"agent\"  selected='selected'>Consultor imobili\u00e1rio<\/option><option value=\"agency\" >Ag\u00eancia<\/option><\/select>\n\t\t<\/label>\n                               <\/div>\n                           \n                               <div class='js-es-field es-field es-field__es_service_area es-field--select  js-search-field-container'>\n                                   <label for='es_service_area-69e9edb67e021'>\n\t\t\t<select id=\"es_service_area-69e9edb67e021\" name=\"es_service_area[]\" class=\"js-es-search-field js-es-search-field--es_service_area es-field__input\" multiple=\"multiple\" data-single_unit=\"\" data-plural_unit=\"\" data-placeholder=\"\u00c1rea de atua\u00e7\u00e3o\" data-base-name=\"es_service_area\" ><option><\/option><option value=\"491\" >Espinho<\/option><option value=\"498\" >Ovar<\/option><option value=\"499\" >Porto<\/option><option value=\"492\" >Santa Maria da Feira<\/option><option value=\"509\" >Sintra<\/option><option value=\"490\" >Vila Nova de Gaia<\/option><\/select>\n\t\t<\/label>\n                               <\/div>\n                           \n                               <div class='es-field es-field__keywords es-field--text  js-search-field-container'>\n                                   <label for='es-field-keywords'><input id=\"es-field-keywords\" name=\"keywords\" placeholder=\"Nome\" class=\"es-field__input\" data-single_unit=\"\" data-plural_unit=\"\" type=\"text\" \/><\/label>\n                               <\/div>\n                           \n                    <button type=\"submit\" class=\"es-btn es-btn--primary\">\n                        <span class=\"es-icon es-icon_search\"><\/span>Pesquisar                    <\/button>\n\n                    <button type=\"submit\" class=\"es-btn es-btn--primary es-btn--icon\">\n                        <span class=\"es-icon es-icon_search\"><\/span>\n                    <\/button>\n                <\/div>\n                    <\/form>\n    <\/div>\n<\/div>\n    \n    \n<div class=\"es-entities__wrap-inner js-es-entities__wrap_inner et_smooth_scroll_disabled\">\n\t\t\t<div class=\"es-listings-filter js-es-listings-filter\">\n\t\t\t<span class=\"es-title\">Consultores imobili\u00e1rios<\/span>\n\t\n\t\t\t<span class=\"es-total\">\n            2 resultados        <\/span>\n\t\n\t\t\t\t\t\t                <div class=\"es-form\">\n\t\t\t        \n                               <div class='js-es-field es-field es-field__sort es-field--select '>\n                                   <label for='es-field-sort'><span class='es-field__label'>Ordenar por<\/span>\n\t\t\t<select id=\"es-field-sort\" name=\"sort\" class=\"js-es-sort es-field__input\" ><option value=\"newest\"  selected='selected'>O mais recente<\/option><\/select>\n\t\t<\/label>\n                               <\/div>\n                                           <\/div>\n\t        \t\t\t\t\t\t\t<ul class=\"js-es-control--layouts es-control es-control--layouts\">\n\t<li class=\"es-control__grid\">\n\t\t<a href=\"\/index.php?rest_route=%2Fwp%2Fv2%2Fpages%2F289&layout=grid\" data-layout=\"grid\" class=\"js-es-change-layout es-btn es-btn--icon es-btn--gray es-btn--big es-btn--active\">\n\t\t\t<span class=\"es-icon es-icon_grid\"><\/span>\n\t\t<\/a>\n\t<\/li>\n\t<li class=\"es-control__list\">\n\t\t<a href=\"\/index.php?rest_route=%2Fwp%2Fv2%2Fpages%2F289&layout=list\" data-layout=\"list\" class=\"js-es-change-layout es-btn es-btn--icon es-btn--gray es-btn--big \">\n\t\t\t<span class=\"es-icon es-icon_grid-row\"><\/span>\n\t\t<\/a>\n\t<\/li>\n<\/ul>\n\t\t\t<\/div>\n\n\t\n\t<div data-entity=\"agent\" class=\"js-es-agents es-agents js-es-entities es-entities es-entities--grid\" data-layout=\"es-entities--grid\" data-hash=\"bGF5b3V0PWdyaWQmcG9zdHNfcGVyX3BhZ2U9NDAmZGlzYWJsZV9uYXZiYXI9MCZzaG93X3NvcnQ9MSZzaG93X3RvdGFsPTEmc2hvd19wYWdlX3RpdGxlPTEmc2hvd19sYXlvdXRzPTEmc29ydD1uZXdlc3QmbGltaXQ9MCZhZ2VudHNfaWQ9JnR5cGU9YWdlbnQmbG9vcF91aWQ9MSZwYWdlX3RpdGxlPUNvbnN1bHRvcmVzIGltb2JpbGnDoXJpb3MmaWdub3JlX3NlYXJjaD0wJnNlYXJjaF9mb3JtX3NlbGVjdG9yPS5qcy1lcy1zZWFyY2g6bm90KC5lcy1zZWFyY2gtLWlnbm9yZS1hamF4KSZlbmFibGVfc2VhcmNoPTEmc2VhcmNoX3R5cGU9c2ltcGxlJmVuYWJsZV9hamF4PTEmdmlld19hbGxfbGlua19uYW1lPVZlciB0b2RvcyZkaXNhYmxlX3BhZ2luYXRpb249MCZ3aXNobGlzdF9jb25maXJtPTAmc2V0dXBfcG9zdGRhdGFfcG9zdF9pZD0wJnJlc3Rfcm91dGU9L3dwL3YyL3BhZ2VzLzI4OQ==\">\n\t\t\t\t\t\t\t\t\t    <div id=\"post-603\" class=\"post-603 agent type-agent status-publish has-post-thumbnail hentry es_service_area-espinho es_service_area-porto es_service_area-santa-maria-da-feira es_service_area-vila-nova-de-gaia es-post-entity\">\n\n\t<div class=\"es-entity es-agent es-agent--603\" data-post-id=\"603\">\n        <div class=\"es-entity__inner\">\n\n                            <div class=\"es-entity__image es-agent__image\">\n                    <a href=\"https:\/\/teste.charibimobiliaria.com\/?agent=tania-chaves-ribeiro\">\n                        <img decoding=\"async\" src=\"https:\/\/teste.charibimobiliaria.com\/wp-content\/uploads\/2024\/08\/Tania-150x150.jpg\" alt=\"T\u00e2nia Chaves Ribeiro\"\/>\n                    <\/a>\n\t                \n<ul class=\"js-es-control es-control es-control--entity-image\">\n\t\t        <li class=\"es-control__item es-control__item--wishlist\">\n\t\t\t            <a href=\"#\" data-popup-id=\"#es-authentication-popup\" class=\"es-btn__wishlist es-btn es-btn--default es-btn--small es-btn--icon js-es-popup-link\">\n\t\t\t\t                    <span class=\"es-icon es-icon_heart\"><\/span>\n                    <span class=\"es-btn__label\">Guardar<\/span>\n                <\/a>\n        <\/li>\n\t\t\t<\/ul>                <\/div>\n            \n            <div class=\"es-entity__content\">\n\t<div class=\"es-entity__basic\">\n\t\t<h3 class=\"es-entity__title\">\n\t\t\t<a href=\"https:\/\/teste.charibimobiliaria.com\/?agent=tania-chaves-ribeiro\">T\u00e2nia Chaves Ribeiro<\/a>\n\t\t<\/h3>\n\t\t\t\t\t<div class=\"es-entity__rating\">\n\t\t\t\t\t\t\t\t\t\t\t<\/div>\n\t\t\t\t\t\t\t<div class=\"es-entity__position\">\n\t\t\t\t\t\t\t\t\t<div class=\"es-agency-section\">\n\t\t\t\t\t\t\t\t\t\t\t\t<div class=\"es-agency-section__info\">\n\t\t\t\t\t\t\tGerente em <a href='https:\/\/teste.charibimobiliaria.com\/?agency=charib-imobiliaria-master'>CHARIB IMOBILI\u00c1RIA Master<\/a>\t\t\t\t\t\t<\/div>\n\t\t\t\t\t<\/div>\n\t\t\t\t\t\t\t<\/div>\n\t\t\t<\/div>\n\n\t\t<div class=\"es-stats\">\n\t<div class=\"es-stats__item es-stats__item--active\">\n\t\t<b>3<\/b>\n\t\t<span><a href=\"https:\/\/teste.charibimobiliaria.com\/?agent=tania-chaves-ribeiro#listings\">\n                properties<\/a><\/span>\n\t<\/div>\n\t<\/div><\/div>\n\n\n<ul class=\"js-es-control es-control es-control--entity-image\">\n\t\t        <li class=\"es-control__item es-control__item--wishlist\">\n\t\t\t            <a href=\"#\" data-popup-id=\"#es-authentication-popup\" class=\"es-btn__wishlist es-btn es-btn--default es-btn--small es-btn--icon js-es-popup-link\">\n\t\t\t\t                    <span class=\"es-icon es-icon_heart\"><\/span>\n                    <span class=\"es-btn__label\">Guardar<\/span>\n                <\/a>\n        <\/li>\n\t\t\t<\/ul>\n<div class=\"es-entity__contact\">\n\t            <a href=\"#\" class=\"es-btn es-btn--secondary es-btn--bordered es-btn--contact js-es-btn--contact\" data-id=\"603\">\n            Contacto        <\/a>\n    <\/div>        <\/div>\n\t<\/div>\n\n\t<\/div>\n\t\t\t\t\t\t\t    <div id=\"post-789\" class=\"post-789 agent type-agent status-publish has-post-thumbnail hentry es_service_area-sintra es-post-entity\">\n\n\t<div class=\"es-entity es-agent es-agent--789\" data-post-id=\"789\">\n        <div class=\"es-entity__inner\">\n\n                            <div class=\"es-entity__image es-agent__image\">\n                    <a href=\"https:\/\/teste.charibimobiliaria.com\/?agent=joao-pedro\">\n                        <img decoding=\"async\" src=\"https:\/\/teste.charibimobiliaria.com\/wp-content\/uploads\/2024\/02\/Perfil-Imovirtual-150x150.jpg\" alt=\"Jo\u00e3o Pedro\"\/>\n                    <\/a>\n\t                \n<ul class=\"js-es-control es-control es-control--entity-image\">\n\t\t        <li class=\"es-control__item es-control__item--wishlist\">\n\t\t\t            <a href=\"#\" data-popup-id=\"#es-authentication-popup\" class=\"es-btn__wishlist es-btn es-btn--default es-btn--small es-btn--icon js-es-popup-link\">\n\t\t\t\t                    <span class=\"es-icon es-icon_heart\"><\/span>\n                    <span class=\"es-btn__label\">Guardar<\/span>\n                <\/a>\n        <\/li>\n\t\t\t<\/ul>                <\/div>\n            \n            <div class=\"es-entity__content\">\n\t<div class=\"es-entity__basic\">\n\t\t<h3 class=\"es-entity__title\">\n\t\t\t<a href=\"https:\/\/teste.charibimobiliaria.com\/?agent=joao-pedro\">Jo\u00e3o Pedro<\/a>\n\t\t<\/h3>\n\t\t\t\t\t\t\t<div class=\"es-entity__position\">\n\t\t\t\t\t\t\t\t\t<div class=\"es-agency-section\">\n\t\t\t\t\t\t\t\t\t\t\t\t<div class=\"es-agency-section__info\">\n\t\t\t\t\t\t\tConsultor imobili\u00e1rio em <a href='https:\/\/teste.charibimobiliaria.com\/?agency=charib-villa'>CHARIB IMOBILI\u00c1RIA Villa<\/a>\t\t\t\t\t\t<\/div>\n\t\t\t\t\t<\/div>\n\t\t\t\t\t\t\t<\/div>\n\t\t\t<\/div>\n\n\t\t<div class=\"es-stats\">\n\t<div class=\"es-stats__item es-stats__item--active\">\n\t\t<b>9<\/b>\n\t\t<span><a href=\"https:\/\/teste.charibimobiliaria.com\/?agent=joao-pedro#listings\">\n                properties<\/a><\/span>\n\t<\/div>\n\t<\/div><\/div>\n\n\n<ul class=\"js-es-control es-control es-control--entity-image\">\n\t\t        <li class=\"es-control__item es-control__item--wishlist\">\n\t\t\t            <a href=\"#\" data-popup-id=\"#es-authentication-popup\" class=\"es-btn__wishlist es-btn es-btn--default es-btn--small es-btn--icon js-es-popup-link\">\n\t\t\t\t                    <span class=\"es-icon es-icon_heart\"><\/span>\n                    <span class=\"es-btn__label\">Guardar<\/span>\n                <\/a>\n        <\/li>\n\t\t\t<\/ul>\n<div class=\"es-entity__contact\">\n\t        <div class=\"es-preferred-contact es-preferred-contact--tel\">\n            <a target=\"_blank\" href=\"tel:964393007\">964393007<\/a>\n        <\/div>\n\t            <a href=\"#\" class=\"es-btn es-btn--secondary es-btn--bordered es-btn--contact js-es-btn--contact\" data-id=\"789\">\n            Contacto        <\/a>\n    <\/div>        <\/div>\n\t<\/div>\n\n\t<\/div>\n\t\t\t\t\t\t<\/div>\n\t\t<\/div>\n<\/div>\n\n    <\/div>\n\n","protected":false},"excerpt":{"rendered":"","protected":false},"author":1,"featured_media":0,"parent":0,"menu_order":0,"comment_status":"closed","ping_status":"closed","template":"","meta":{"_acf_changed":false,"footnotes":""},"class_list":["post-289","page","type-page","status-publish","hentry"],"acf":[],"_links":{"self":[{"href":"https:\/\/teste.charibimobiliaria.com\/index.php?rest_route=\/wp\/v2\/pages\/289","targetHints":{"allow":["GET"]}}],"collection":[{"href":"https:\/\/teste.charibimobiliaria.com\/index.php?rest_route=\/wp\/v2\/pages"}],"about":[{"href":"https:\/\/teste.charibimobiliaria.com\/index.php?rest_route=\/wp\/v2\/types\/page"}],"author":[{"embeddable":true,"href":"https:\/\/teste.charibimobiliaria.com\/index.php?rest_route=\/wp\/v2\/users\/1"}],"replies":[{"embeddable":true,"href":"https:\/\/teste.charibimobiliaria.com\/index.php?rest_route=%2Fwp%2Fv2%2Fcomments&post=289"}],"version-history":[{"count":0,"href":"https:\/\/teste.charibimobiliaria.com\/index.php?rest_route=\/wp\/v2\/pages\/289\/revisions"}],"wp:attachment":[{"href":"https:\/\/teste.charibimobiliaria.com\/index.php?rest_route=%2Fwp%2Fv2%2Fmedia&parent=289"}],"curies":[{"name":"wp","href":"https:\/\/api.w.org\/{rel}","templated":true}]}}