{"id":17,"date":"2023-03-03T00:49:32","date_gmt":"2023-03-03T00:49:32","guid":{"rendered":"https:\/\/teste.charibimobiliaria.com\/agencies\/"},"modified":"2023-03-09T01:58:45","modified_gmt":"2023-03-09T01:58:45","slug":"agencias","status":"publish","type":"page","link":"https:\/\/teste.charibimobiliaria.com\/?page_id=17","title":{"rendered":"Ag\u00eancias"},"content":{"rendered":"    <div data-search-form-selector='.js-es-search:not(.es-search--ignore-ajax)'>\n\n<div class=\"es-agencies js-es-agencies-wrap js-es-entities-wrap\">\n            \n<div class=\"es-entities__search\">\n    <div class=\"es-search js-es-search es-search--agent js-es-search--agent\" id=\"es-search--69e7482c96088\">\n        <form action=\"https:\/\/teste.charibimobiliaria.com\/?page_id=17\" method=\"get\">\n            <input type=\"hidden\" name=\"es\" value=\"1\"\/>\n\n\t        \t\t                            <input type=\"hidden\" name=\"page_id\" value=\"17\"\/>\n\t\t        \t        \n                            <div class=\"es-search__fields-wrap\">\n                    \n                               <div class='js-es-field es-field es-field__type es-field--select  js-search-field-container'>\n                                   <label for='type-69e7482c965e9'>\n\t\t\t<select id=\"type-69e7482c965e9\" name=\"type\" class=\"js-es-search-field js-es-search-field--type es-field__input\" data-single_unit=\"\" data-plural_unit=\"\" data-placeholder=\"Escolha valor\" search-placeholder=\"\" data-base-name=\"type\" data-value=\"agency\" ><option><\/option><option value=\"agent\" >Consultor imobili\u00e1rio<\/option><option value=\"agency\"  selected='selected'>Ag\u00eancia<\/option><\/select>\n\t\t<\/label>\n                               <\/div>\n                           \n                               <div class='js-es-field es-field es-field__es_service_area es-field--select  js-search-field-container'>\n                                   <label for='es_service_area-69e7482c9a03c'>\n\t\t\t<select id=\"es_service_area-69e7482c9a03c\" name=\"es_service_area[]\" class=\"js-es-search-field js-es-search-field--es_service_area es-field__input\" multiple=\"multiple\" data-single_unit=\"\" data-plural_unit=\"\" data-placeholder=\"\u00c1rea de atua\u00e7\u00e3o\" data-base-name=\"es_service_area\" ><option><\/option><option value=\"491\" >Espinho<\/option><option value=\"498\" >Ovar<\/option><option value=\"499\" >Porto<\/option><option value=\"492\" >Santa Maria da Feira<\/option><option value=\"509\" >Sintra<\/option><option value=\"490\" >Vila Nova de Gaia<\/option><\/select>\n\t\t<\/label>\n                               <\/div>\n                           \n                               <div class='es-field es-field__keywords es-field--text  js-search-field-container'>\n                                   <label for='es-field-keywords'><input id=\"es-field-keywords\" name=\"keywords\" placeholder=\"Nome\" class=\"es-field__input\" data-single_unit=\"\" data-plural_unit=\"\" type=\"text\" \/><\/label>\n                               <\/div>\n                           \n                    <button type=\"submit\" class=\"es-btn es-btn--primary\">\n                        <span class=\"es-icon es-icon_search\"><\/span>Pesquisar                    <\/button>\n\n                    <button type=\"submit\" class=\"es-btn es-btn--primary es-btn--icon\">\n                        <span class=\"es-icon es-icon_search\"><\/span>\n                    <\/button>\n                <\/div>\n                    <\/form>\n    <\/div>\n<\/div>\n    \n    \n<div class=\"es-entities__wrap-inner js-es-entities__wrap_inner et_smooth_scroll_disabled\">\n\t\t\t<div class=\"es-listings-filter js-es-listings-filter\">\n\t\t\t<span class=\"es-title\">Ag\u00eancias<\/span>\n\t\n\t\t\t<span class=\"es-total\">\n            2 resultados        <\/span>\n\t\n\t\t\t\t\t\t                <div class=\"es-form\">\n\t\t\t        \n                               <div class='js-es-field es-field es-field__sort es-field--select '>\n                                   <label for='es-field-sort'><span class='es-field__label'>Ordenar por<\/span>\n\t\t\t<select id=\"es-field-sort\" name=\"sort\" class=\"js-es-sort es-field__input\" ><option value=\"newest\"  selected='selected'>O mais recente<\/option><\/select>\n\t\t<\/label>\n                               <\/div>\n                                           <\/div>\n\t        \t\t\t\t\t<\/div>\n\n\t\n\t<div data-entity=\"agency\" class=\"js-es-agencies es-agencies js-es-entities es-entities es-entities--list\" data-layout=\"es-entities--list\" data-hash=\"cG9zdHNfcGVyX3BhZ2U9NDAmZGlzYWJsZV9uYXZiYXI9MCZzaG93X3NvcnQ9MSZzaG93X3RvdGFsPTEmc2hvd19wYWdlX3RpdGxlPTEmc29ydD1uZXdlc3QmbGltaXQ9MCZhZ2VuY2llc19pZD0mdHlwZT1hZ2VuY3kmbG9vcF91aWQ9MSZwYWdlX3RpdGxlPUFnw6puY2lhcyZpZ25vcmVfc2VhcmNoPTAmc2VhcmNoX2Zvcm1fc2VsZWN0b3I9LmpzLWVzLXNlYXJjaDpub3QoLmVzLXNlYXJjaC0taWdub3JlLWFqYXgpJmVuYWJsZV9zZWFyY2g9MSZzZWFyY2hfdHlwZT1zaW1wbGUmZW5hYmxlX2FqYXg9MSZ2aWV3X2FsbF9saW5rX25hbWU9VmVyIHRvZG9zJmRpc2FibGVfcGFnaW5hdGlvbj0wJndpc2hsaXN0X2NvbmZpcm09MCZyZXN0X3JvdXRlPS93cC92Mi9wYWdlcy8xNw==\">\n\t\t\t\t\t\t\t\t\t    <div id=\"post-66\" class=\"post-66 agency type-agency status-publish has-post-thumbnail hentry es_service_area-espinho es_service_area-ovar es_service_area-porto es_service_area-santa-maria-da-feira es_service_area-vila-nova-de-gaia es-post-entity\">\n\n\t<div class=\"es-entity es-agency es-agency--66\" data-post-id=\"66\">\n        <div class=\"es-entity__inner\">\n\n                            <div class=\"es-entity__image es-agency__image\">\n                    <a href=\"https:\/\/teste.charibimobiliaria.com\/?agency=charib-imobiliaria-master\">\n                        <img decoding=\"async\" src=\"https:\/\/teste.charibimobiliaria.com\/wp-content\/uploads\/2023\/11\/logo-CHARIB-IMOBILIARIA-1200x630-1-150x150.png\" alt=\"CHARIB IMOBILI\u00c1RIA Master\"\/>\n                    <\/a>\n\t                \n<ul class=\"js-es-control es-control es-control--entity-image\">\n\t\t        <li class=\"es-control__item es-control__item--wishlist\">\n\t\t\t            <a href=\"#\" data-popup-id=\"#es-authentication-popup\" class=\"es-btn__wishlist es-btn es-btn--default es-btn--small es-btn--icon js-es-popup-link\">\n\t\t\t\t                    <span class=\"es-icon es-icon_heart\"><\/span>\n                    <span class=\"es-btn__label\">Guardar<\/span>\n                <\/a>\n        <\/li>\n\t\t\t<\/ul>                <\/div>\n            \n            <div class=\"es-entity__content\">\n\t<div class=\"es-entity__basic\">\n\t\t<h3 class=\"es-entity__title\">\n\t\t\t<a href=\"https:\/\/teste.charibimobiliaria.com\/?agency=charib-imobiliaria-master\">CHARIB IMOBILI\u00c1RIA Master<\/a>\n\t\t<\/h3>\n\t\t\t\t\t\t\t<div class=\"es-entity__address\">\n\t\t\t\t<span class=\"es-icon es-icon_pin\"><\/span>\n                Estrada de Brito, 536, 4410-206 S\u00e3o F\u00e9lix da Marinha, Portugal\t\t\t<\/div>\n\t\t\t<\/div>\n\n\t\t<div class=\"es-stats\">\n\t<div class=\"es-stats__item es-stats__item--active\">\n\t\t<b>3<\/b>\n\t\t<span><a href=\"https:\/\/teste.charibimobiliaria.com\/?agency=charib-imobiliaria-master#listings\">\n                properties<\/a><\/span>\n\t<\/div>\n\t<\/div><\/div>\n\n\n<ul class=\"js-es-control es-control es-control--entity-image\">\n\t\t        <li class=\"es-control__item es-control__item--wishlist\">\n\t\t\t            <a href=\"#\" data-popup-id=\"#es-authentication-popup\" class=\"es-btn__wishlist es-btn es-btn--default es-btn--small es-btn--icon js-es-popup-link\">\n\t\t\t\t                    <span class=\"es-icon es-icon_heart\"><\/span>\n                    <span class=\"es-btn__label\">Guardar<\/span>\n                <\/a>\n        <\/li>\n\t\t\t<\/ul>\n<div class=\"es-entity__contact\">\n\t        <div class=\"es-preferred-contact es-preferred-contact--mail\">\n            <a target=\"_blank\" href=\"mailto:master@teste.charibimobiliaria.com\">master@teste.charibimobiliaria.com<\/a>\n        <\/div>\n\t\t        <a href=\"#\" class=\"es-btn es-btn--secondary es-btn--bordered es-btn--contact js-es-btn--contact\" data-id=\"66\">\n            Contacto        <\/a>\n    <\/div>        <\/div>\n\t<\/div>\n\n\t<\/div>\n\t\t\t\t\t\t\t    <div id=\"post-232\" class=\"post-232 agency type-agency status-publish hentry es-post-entity\">\n\n\t<div class=\"es-entity es-agency es-agency--232\" data-post-id=\"232\">\n        <div class=\"es-entity__inner\">\n\n                            <div class=\"es-entity__image es-agency__image\">\n                    <a href=\"https:\/\/teste.charibimobiliaria.com\/?agency=charib-villa\">\n                        <img decoding=\"async\" src=\"https:\/\/teste.charibimobiliaria.com\/wp-content\/uploads\/2023\/03\/Logos-Finais-01-150x150.png\" alt=\"CHARIB IMOBILI\u00c1RIA Villa\"\/>\n                    <\/a>\n\t                \n<ul class=\"js-es-control es-control es-control--entity-image\">\n\t\t        <li class=\"es-control__item es-control__item--wishlist\">\n\t\t\t            <a href=\"#\" data-popup-id=\"#es-authentication-popup\" class=\"es-btn__wishlist es-btn es-btn--default es-btn--small es-btn--icon js-es-popup-link\">\n\t\t\t\t                    <span class=\"es-icon es-icon_heart\"><\/span>\n                    <span class=\"es-btn__label\">Guardar<\/span>\n                <\/a>\n        <\/li>\n\t\t\t<\/ul>                <\/div>\n            \n            <div class=\"es-entity__content\">\n\t<div class=\"es-entity__basic\">\n\t\t<h3 class=\"es-entity__title\">\n\t\t\t<a href=\"https:\/\/teste.charibimobiliaria.com\/?agency=charib-villa\">CHARIB IMOBILI\u00c1RIA Villa<\/a>\n\t\t<\/h3>\n\t\t\t\t\t\t\t<div class=\"es-entity__address\">\n\t\t\t\t<span class=\"es-icon es-icon_pin\"><\/span>\n                Rua Jos\u00e9 Alfredo da Costa Azevedo, 8 Piso -1 B, Escrit\u00f3rio B, 2635-585 Rio de Mouro\t\t\t<\/div>\n\t\t\t<\/div>\n\n\t\t<div class=\"es-stats\">\n\t<div class=\"es-stats__item es-stats__item--active\">\n\t\t<b>9<\/b>\n\t\t<span><a href=\"https:\/\/teste.charibimobiliaria.com\/?agency=charib-villa#listings\">\n                properties<\/a><\/span>\n\t<\/div>\n\t<\/div><\/div>\n\n\n<ul class=\"js-es-control es-control es-control--entity-image\">\n\t\t        <li class=\"es-control__item es-control__item--wishlist\">\n\t\t\t            <a href=\"#\" data-popup-id=\"#es-authentication-popup\" class=\"es-btn__wishlist es-btn es-btn--default es-btn--small es-btn--icon js-es-popup-link\">\n\t\t\t\t                    <span class=\"es-icon es-icon_heart\"><\/span>\n                    <span class=\"es-btn__label\">Guardar<\/span>\n                <\/a>\n        <\/li>\n\t\t\t<\/ul>\n<div class=\"es-entity__contact\">\n\t\t        <a href=\"#\" class=\"es-btn es-btn--secondary es-btn--bordered es-btn--contact js-es-btn--contact\" data-id=\"232\">\n            Contacto        <\/a>\n    <\/div>        <\/div>\n\t<\/div>\n\n\t<\/div>\n\t\t\t\t\t\t<\/div>\n\t\t<\/div>\n<\/div>\n\n    <\/div>\n\n","protected":false},"excerpt":{"rendered":"","protected":false},"author":1,"featured_media":0,"parent":0,"menu_order":0,"comment_status":"closed","ping_status":"closed","template":"","meta":{"_acf_changed":false,"footnotes":""},"class_list":["post-17","page","type-page","status-publish","hentry"],"acf":[],"_links":{"self":[{"href":"https:\/\/teste.charibimobiliaria.com\/index.php?rest_route=\/wp\/v2\/pages\/17","targetHints":{"allow":["GET"]}}],"collection":[{"href":"https:\/\/teste.charibimobiliaria.com\/index.php?rest_route=\/wp\/v2\/pages"}],"about":[{"href":"https:\/\/teste.charibimobiliaria.com\/index.php?rest_route=\/wp\/v2\/types\/page"}],"author":[{"embeddable":true,"href":"https:\/\/teste.charibimobiliaria.com\/index.php?rest_route=\/wp\/v2\/users\/1"}],"replies":[{"embeddable":true,"href":"https:\/\/teste.charibimobiliaria.com\/index.php?rest_route=%2Fwp%2Fv2%2Fcomments&post=17"}],"version-history":[{"count":0,"href":"https:\/\/teste.charibimobiliaria.com\/index.php?rest_route=\/wp\/v2\/pages\/17\/revisions"}],"wp:attachment":[{"href":"https:\/\/teste.charibimobiliaria.com\/index.php?rest_route=%2Fwp%2Fv2%2Fmedia&parent=17"}],"curies":[{"name":"wp","href":"https:\/\/api.w.org\/{rel}","templated":true}]}}