{"id":1288,"date":"2023-11-01T13:03:56","date_gmt":"2023-11-01T13:03:56","guid":{"rendered":"https:\/\/teste.charibimobiliaria.com\/?page_id=1288"},"modified":"2023-11-01T13:13:16","modified_gmt":"2023-11-01T13:13:16","slug":"politica-de-privacidade","status":"publish","type":"page","link":"https:\/\/teste.charibimobiliaria.com\/?page_id=1288","title":{"rendered":"Pol\u00edtica de privacidade"},"content":{"rendered":"\n<h4 class=\"wp-block-heading\">\u00daltima atualiza\u00e7\u00e3o em 14 de outubro de 2023<br>Data de vig\u00eancia 14 de outubro de 2023<\/h4>\n\n\n\n<p>A presente Pol\u00edtica de Privacidade descreve as pol\u00edticas da CHARIB Business Solutions Unipessoal Lda, Estrada de Brito, 536, S\u00e3o F\u00e9lix da Marinha, Vila Nova de Gaia, Porto 4410-206, Portugal, email: franchising@teste.charibimobiliaria.com, telefone: 918662230 na recolha, uso e divulga\u00e7\u00e3o das suas informa\u00e7\u00f5es que recolhemos quando usa o nosso site ( https:\/\/teste.charibimobiliaria.com) (o servi\u00e7o&#8221;). Ao aceder ou utilizar o Servi\u00e7o, concorda com a recolha, uso e divulga\u00e7\u00e3o das suas informa\u00e7\u00f5es de acordo com esta Pol\u00edtica de Privacidade. Se n\u00e3o consentir com a mesma, n\u00e3o aceda ou use o Servi\u00e7o.<\/p>\n\n\n\n<p>Poderemos modificar esta Pol\u00edtica de Privacidade a qualquer momento sem qualquer aviso pr\u00e9vio e publicaremos a Pol\u00edtica de Privacidade revista no Servi\u00e7o. A Pol\u00edtica revista entrar\u00e1 em vigor 180 dias a partir da data em que a Pol\u00edtica revista for publicada no Servi\u00e7o e o seu acesso ou uso cont\u00ednuo do Servi\u00e7o ap\u00f3s esse per\u00edodo constituir\u00e1 a sua aceita\u00e7\u00e3o da Pol\u00edtica de Privacidade revista. Recomendamos, portanto, que reveja periodicamente esta p\u00e1gina.<\/p>\n\n\n\n<p>1.Informa\u00e7\u00f5es que recolhemos: recolharemos e processaremos as seguintes informa\u00e7\u00f5es pessoais sobre si:<br>   a. Nome<br>   b. E-mail<br>   c. Telem\u00f3vel<br>   d. Perfil de redes sociais<br>   e. Endere\u00e7o<br>   f. Endere\u00e7o de trabalho<br>   g. Informa\u00e7\u00e3o de pagamento<br>   h. NIF<\/p>\n\n\n\n<p>2. Como recolhemos as suas informa\u00e7\u00f5es: recolhemos\/recebemos informa\u00e7\u00f5es sobre si da seguinte maneira:<br>   a. Quando um utilizador preenche o formul\u00e1rio de registo ou envia informa\u00e7\u00f5es pessoais<br>   b. Interage com o site<br>   c. De fontes p\u00fablicas<\/p>\n\n\n\n<p>3. Como usamos suas informa\u00e7\u00f5es: Usaremos as informa\u00e7\u00f5es que coletamos sobre si para os seguintes fins:<br>   a. Marketing\/Promocional<br>   b. Criando conta de utilizador<br>   c. Depoimentos<br>   d. Recolha de feedback do cliente<br>   e. Aplicar T&amp;C<br>   f. Processando o pagamento<br>   g. Apoio<br>   h. Informa\u00e7\u00f5es administrativas<br>   i. Publicidade direcionada<br>   j. Gerir pedido do cliente<br>   l. Prote\u00e7\u00e3o do site<br>   m. Resolu\u00e7\u00e3o de disputas<br>   n. Gerenciar conta de utilizador<\/p>\n\n\n\n<p>Se quisermos usar as suas informa\u00e7\u00f5es para qualquer outra finalidade, pediremos o seu consentimento e usaremos as suas informa\u00e7\u00f5es somente quando recebermos seu consentimento e, ent\u00e3o, apenas para o(s) prop\u00f3sito(s) para o qual concedeu o consentimento, a menos que sejamos obrigados a fazer o contr\u00e1rio por lei.<\/p>\n\n\n\n<p>4. Como compartilhamos suas informa\u00e7\u00f5es: N\u00e3o transferiremos as suas informa\u00e7\u00f5es pessoais a terceiros sem solicitar o seu consentimento, exceto em circunst\u00e2ncias limitadas, conforme descrito abaixo:<br>   a. Servi\u00e7o de an\u00fancios<br>   b. Ag\u00eancias de marketing<br>   c. Entidades legais<br>   d. An\u00e1lise<br>   e. Servi\u00e7os de recupera\u00e7\u00e3o de pagamentos<br>   f. Recolha e processamento de dados<br>Exigimos que esses terceiros utilizem as informa\u00e7\u00f5es pessoais que lhes transferimos apenas para a finalidade para a qual foram transferidas e n\u00e3o as retenham por mais tempo do que o necess\u00e1rio para cumprir a referida finalidade. Tamb\u00e9m poderemos divulgar as suas informa\u00e7\u00f5es pessoais para o seguinte: (1) para cumprir a lei, regulamento, ordem judicial ou outro processo legal aplic\u00e1vel; (2) para fazer cumprir os seus acordos connosco, incluindo esta Pol\u00edtica de Privacidade; ou (3) para responder a reclama\u00e7\u00f5es de que o uso do Servi\u00e7o viola quaisquer direitos de terceiros. Se o Servi\u00e7o ou a nossa empresa for fundido ou adquirido com outra empresa, as suas informa\u00e7\u00f5es ser\u00e3o um dos ativos que ser\u00e3o transferidos para o novo propriet\u00e1rio.<\/p>\n\n\n\n<p>5. Reten\u00e7\u00e3o das suas informa\u00e7\u00f5es: Manteremos as suas informa\u00e7\u00f5es pessoais connosco por 90 dias a 2 anos ap\u00f3s os utilizadores encerrarem as suas contas ou pelo tempo que precisarmos delas para cumprir os prop\u00f3sitos para as quais foram recolhidas, conforme detalhado nesta Pol\u00edtica de Privacidade. Poderemos precisar de reter determinadas informa\u00e7\u00f5es por per\u00edodos mais longos, como manuten\u00e7\u00e3o de registos\/relat\u00f3rios de acordo com a lei aplic\u00e1vel ou por outros motivos leg\u00edtimos, como aplica\u00e7\u00e3o de direitos legais, preven\u00e7\u00e3o de fraudes, etc. Informa\u00e7\u00f5es residuais an\u00f3nimas e informa\u00e7\u00f5es agregadas, nenhuma das quais o identifica (direta ou indiretamente), podem ser armazenados indefinidamente.<\/p>\n\n\n\n<p>6. Os seus direitos: Dependendo da lei aplic\u00e1vel, poder\u00e1 ter o direito de aceder e retificar ou apagar os seus dados pessoais ou receber uma c\u00f3pia dos seus dados pessoais, restringir ou opor-se ao processamento ativo dos seus dados, pedir-nos para partilhar (portar ) suas informa\u00e7\u00f5es pessoais para outra entidade, retirar qualquer consentimento que nos forneceu para processar os seus dados, o direito de apresentar uma reclama\u00e7\u00e3o junto a uma autoridade legal e outros direitos que possam ser relevantes sob as leis aplic\u00e1veis. Para exercer estes direitos, pode escrever-nos para franchising@teste.charibimobiliaria.com. Responderemos \u00e0 sua solicita\u00e7\u00e3o de acordo com a lei aplic\u00e1vel. Pode cancelar as comunica\u00e7\u00f5es de marketing direto ou o perfil que realizamos para fins de marketing, escrevendo-nos para franchising@teste.charibimobiliaria.com. Observe que se n\u00e3o nos permitir recolher ou processar as informa\u00e7\u00f5es pessoais necess\u00e1rias ou retirar o consentimento para process\u00e1-las para os fins exigidos, poder\u00e1 n\u00e3o conseguir aceder ou usar os servi\u00e7os para os quais as suas informa\u00e7\u00f5es foram solicitadas.<\/p>\n\n\n\n<p>7. Cookies etc. Para saber mais sobre como os usamos e suas escolhas em rela\u00e7\u00e3o a essas tecnologias de rastreamento, consulte nossa Pol\u00edtica de Cookies.<\/p>\n\n\n\n<p>8. Seguran\u00e7a: A seguran\u00e7a das suas informa\u00e7\u00f5es \u00e9 importante para n\u00f3s e usaremos medidas de seguran\u00e7a razo\u00e1veis para evitar a perda, uso indevido ou altera\u00e7\u00e3o n\u00e3o autorizada das suas informa\u00e7\u00f5es sob nosso controle. No entanto, dados os riscos inerentes, n\u00e3o podemos garantir seguran\u00e7a absoluta e, consequentemente, n\u00e3o podemos assegurar ou garantir a seguran\u00e7a de qualquer informa\u00e7\u00e3o que nos transmita e f\u00e1-lo por sua pr\u00f3pria conta e risco.<\/p>\n\n\n\n<p>9. Links de terceiros e uso de suas informa\u00e7\u00f5es: Nosso servi\u00e7o pode conter links para outros sites que n\u00e3o s\u00e3o operados por n\u00f3s. Esta Pol\u00edtica de Privacidade n\u00e3o aborda a pol\u00edtica de privacidade e outras pr\u00e1ticas de terceiros, incluindo qualquer terceiro que opere qualquer site ou servi\u00e7o que possa ser acess\u00edvel atrav\u00e9s de um link no Servi\u00e7o. Aconselhamos vivamente que reveja a pol\u00edtica de privacidade de cada site que visita. N\u00e3o temos controle e n\u00e3o assumimos responsabilidade pelo conte\u00fado, pol\u00edticas de privacidade ou pr\u00e1ticas de sites ou servi\u00e7os de terceiros.<\/p>\n\n\n\n<p>10. Encarregado de Reclama\u00e7\u00f5es \/ Prote\u00e7\u00e3o de Dados: Se tiver alguma d\u00favida ou preocupa\u00e7\u00e3o sobre o processamento das suas informa\u00e7\u00f5es que est\u00e3o dispon\u00edveis connosco, poder\u00e1 enviar um e-mail ao nosso Encarregado de Reclama\u00e7\u00f5es em CHARIB Business Solutions Unipessoal Lda, Estrada de Brito, 536, e-mail: franchising@teste.charibimobiliaria.com. Abordaremos suas preocupa\u00e7\u00f5es de acordo com a lei aplic\u00e1vel.<\/p>\n\n\n\n<div style=\"height:100px\" aria-hidden=\"true\" class=\"wp-block-spacer\"><\/div>\n","protected":false},"excerpt":{"rendered":"<p>\u00daltima atualiza\u00e7\u00e3o em 14 de outubro de 2023Data de vig\u00eancia 14 de outubro de 2023 A presente Pol\u00edtica de Privacidade descreve as pol\u00edticas da CHARIB Business Solutions Unipessoal Lda, Estrada de Brito, 536, S\u00e3o F\u00e9lix da Marinha, Vila Nova de Gaia, Porto 4410-206, Portugal, email: franchising@teste.charibimobiliaria.com, telefone: 918662230 na recolha, uso e divulga\u00e7\u00e3o das suas [&hellip;]<\/p>\n","protected":false},"author":1,"featured_media":0,"parent":0,"menu_order":0,"comment_status":"closed","ping_status":"closed","template":"","meta":{"_acf_changed":false,"footnotes":""},"class_list":["post-1288","page","type-page","status-publish","hentry"],"acf":[],"_links":{"self":[{"href":"https:\/\/teste.charibimobiliaria.com\/index.php?rest_route=\/wp\/v2\/pages\/1288","targetHints":{"allow":["GET"]}}],"collection":[{"href":"https:\/\/teste.charibimobiliaria.com\/index.php?rest_route=\/wp\/v2\/pages"}],"about":[{"href":"https:\/\/teste.charibimobiliaria.com\/index.php?rest_route=\/wp\/v2\/types\/page"}],"author":[{"embeddable":true,"href":"https:\/\/teste.charibimobiliaria.com\/index.php?rest_route=\/wp\/v2\/users\/1"}],"replies":[{"embeddable":true,"href":"https:\/\/teste.charibimobiliaria.com\/index.php?rest_route=%2Fwp%2Fv2%2Fcomments&post=1288"}],"version-history":[{"count":0,"href":"https:\/\/teste.charibimobiliaria.com\/index.php?rest_route=\/wp\/v2\/pages\/1288\/revisions"}],"wp:attachment":[{"href":"https:\/\/teste.charibimobiliaria.com\/index.php?rest_route=%2Fwp%2Fv2%2Fmedia&parent=1288"}],"curies":[{"name":"wp","href":"https:\/\/api.w.org\/{rel}","templated":true}]}}